{"id":3,"date":"2008-05-24T09:05:34","date_gmt":"2008-05-24T07:05:34","guid":{"rendered":"http:\/\/bib.scp.ac.at\/?page_id=3"},"modified":"2018-06-17T14:43:00","modified_gmt":"2018-06-17T12:43:00","slug":"online-katalog","status":"publish","type":"page","link":"https:\/\/bib.scp.ac.at\/?page_id=3","title":{"rendered":"Online-Katalog"},"content":{"rendered":"<p>Leider gibt es derzeit keinen Online-Katalog des BV\u00d6 f\u00fcr Schulbibliotheken.<\/p>\n<p>Die Kataloge vieler \u00f6ffentlicher Bibliotheken sind nach wie vor online abrufbar:<UL><LI><A href=\"http:\/\/www.bibliotheken.at\/\" target=\"_blank\">Zum Gesamtkatalog &ouml;sterreichischer B&uuml;chereien<\/A><\/LI><\/UL><\/p>\n","protected":false},"excerpt":{"rendered":"<p>Leider gibt es derzeit keinen Online-Katalog des BV\u00d6 f\u00fcr Schulbibliotheken. Die Kataloge vieler \u00f6ffentlicher Bibliotheken sind nach wie vor online abrufbar:Zum Gesamtkatalog &ouml;sterreichischer B&uuml;chereien<\/p>\n","protected":false},"author":1,"featured_media":0,"parent":0,"menu_order":140,"comment_status":"closed","ping_status":"closed","template":"","meta":{"footnotes":""},"class_list":["post-3","page","type-page","status-publish","hentry"],"publishpress_future_action":{"enabled":false,"date":"2026-04-27 13:33:26","action":"Draft","newStatus":"draft","terms":[],"taxonomy":"","extraData":[]},"publishpress_future_workflow_manual_trigger":{"enabledWorkflows":[]},"_links":{"self":[{"href":"https:\/\/bib.scp.ac.at\/index.php?rest_route=\/wp\/v2\/pages\/3","targetHints":{"allow":["GET"]}}],"collection":[{"href":"https:\/\/bib.scp.ac.at\/index.php?rest_route=\/wp\/v2\/pages"}],"about":[{"href":"https:\/\/bib.scp.ac.at\/index.php?rest_route=\/wp\/v2\/types\/page"}],"author":[{"embeddable":true,"href":"https:\/\/bib.scp.ac.at\/index.php?rest_route=\/wp\/v2\/users\/1"}],"replies":[{"embeddable":true,"href":"https:\/\/bib.scp.ac.at\/index.php?rest_route=%2Fwp%2Fv2%2Fcomments&post=3"}],"version-history":[{"count":5,"href":"https:\/\/bib.scp.ac.at\/index.php?rest_route=\/wp\/v2\/pages\/3\/revisions"}],"predecessor-version":[{"id":963,"href":"https:\/\/bib.scp.ac.at\/index.php?rest_route=\/wp\/v2\/pages\/3\/revisions\/963"}],"wp:attachment":[{"href":"https:\/\/bib.scp.ac.at\/index.php?rest_route=%2Fwp%2Fv2%2Fmedia&parent=3"}],"curies":[{"name":"wp","href":"https:\/\/api.w.org\/{rel}","templated":true}]}}